{"id":5311,"date":"2025-10-13T09:21:10","date_gmt":"2025-10-13T07:21:10","guid":{"rendered":"https:\/\/xaneladaterra.es\/?page_id=5311"},"modified":"2025-10-13T09:22:36","modified_gmt":"2025-10-13T07:22:36","slug":"politica-de-devoluciones-y-reembolsos","status":"publish","type":"page","link":"https:\/\/xaneladaterra.es\/es\/politica-de-devoluciones-y-reembolsos\/","title":{"rendered":"Pol\u00edtica de devoluciones y reembolsos"},"content":{"rendered":"<p><strong>Esta es una p\u00e1gina de ejemplo.<\/strong><\/p>\n\n\n\n<h2 class=\"wp-block-heading\">Resumen<\/h2>\n\n\n\n<p>Nuestra pol\u00edtica de reembolsos y devoluciones tiene una duraci\u00f3n de 30 d\u00edas. Si han pasado 30 d\u00edas desde tu compra, no podemos ofrecerte un reembolso completo ni un cambio.<\/p>\n\n\n\n<p>Para ser elegible para una devoluci\u00f3n, el art\u00edculo debe estar sin usar y en las mismas condiciones en las que lo recibiste. Tambi\u00e9n debe estar en su embalaje original.<\/p>\n\n\n\n<p>Varios tipos de productos est\u00e1n exentos de ser devueltos. Los productos perecederos como alimentos, flores, peri\u00f3dicos o revistas no pueden ser devueltos. Tampoco aceptamos productos \u00edntimos o de higiene, materiales peligrosos, o l\u00edquidos o gases inflamables.<\/p>\n\n\n\n<p><strong>Art\u00edculos adicionales que no se pueden devolver:<\/strong><\/p>\n\n\n\n<ul class=\"wp-block-list\">\n<li>Tarjetas de regalo<\/li>\n\n\n\n<li>Productos de software descargables<\/li>\n\n\n\n<li>Algunos art\u00edculos de salud y cuidado personal<\/li>\n<\/ul>\n\n\n\n<p>Para completar tu devoluci\u00f3n, requerimos un recibo o comprobante de compra.<\/p>\n\n\n\n<p>Por favor, no env\u00edes tu compra de vuelta al fabricante.<\/p>\n\n\n\n<p>Hay ciertas situaciones donde solo se otorgan reembolsos parciales:<\/p>\n\n\n\n<ul class=\"wp-block-list\">\n<li>Libros con signos evidentes de uso<\/li>\n\n\n\n<li>CD, DVD, cintas VHS, software, videojuegos, casetes o discos de vinilo que hayan sido abiertos<\/li>\n\n\n\n<li>Cualquier art\u00edculo que no est\u00e9 en su condici\u00f3n original, est\u00e9 da\u00f1ado o le falten piezas por razones no atribuibles a nuestro error<\/li>\n\n\n\n<li>Cualquier art\u00edculo devuelto m\u00e1s de 30 d\u00edas despu\u00e9s de la entrega<\/li>\n<\/ul>\n\n\n\n<h2 class=\"wp-block-heading\">Reembolsos<\/h2>\n\n\n\n<p>Una vez que tu devoluci\u00f3n sea recibida e inspeccionada, te enviaremos un correo electr\u00f3nico notific\u00e1ndote que hemos recibido tu art\u00edculo devuelto. Tambi\u00e9n te informaremos sobre la aprobaci\u00f3n o rechazo de tu reembolso.<\/p>\n\n\n\n<p>Si se aprueba, el reembolso ser\u00e1 procesado y se aplicar\u00e1 autom\u00e1ticamente un cr\u00e9dito a tu tarjeta de cr\u00e9dito o m\u00e9todo original de pago, dentro de un plazo determinado.<\/p>\n\n\n\n<h3 class=\"wp-block-heading\">Reembolsos tard\u00edos o no recibidos<\/h3>\n\n\n\n<p>Si a\u00fan no has recibido tu reembolso:<\/p>\n\n\n\n<ol class=\"wp-block-list\">\n<li>Vuelve a revisar tu cuenta bancaria.<\/li>\n\n\n\n<li>Luego contacta a la compa\u00f1\u00eda de tu tarjeta de cr\u00e9dito, puede tardar alg\u00fan tiempo antes de que el reembolso se registre oficialmente.<\/li>\n\n\n\n<li>Despu\u00e9s contacta a tu banco. A menudo hay un tiempo de procesamiento antes de que el reembolso se refleje.<\/li>\n<\/ol>\n\n\n\n<p>Si has hecho todo esto y a\u00fan no has recibido tu reembolso, por favor cont\u00e1ctanos en {direcci\u00f3n de correo electr\u00f3nico}.<\/p>\n\n\n\n<h3 class=\"wp-block-heading\">Art\u00edculos en oferta<\/h3>\n\n\n\n<p>Solo los art\u00edculos a precio regular pueden ser reembolsados. Los art\u00edculos en oferta no pueden ser reembolsados.<\/p>\n\n\n\n<h2 class=\"wp-block-heading\">Cambios<\/h2>\n\n\n\n<p>Solo reemplazamos art\u00edculos si est\u00e1n defectuosos o da\u00f1ados. Si necesitas cambiarlo por el mismo art\u00edculo, env\u00edanos un correo a {direcci\u00f3n de correo electr\u00f3nico} y env\u00eda tu art\u00edculo a: {direcci\u00f3n f\u00edsica}.<\/p>\n\n\n\n<h2 class=\"wp-block-heading\">Regalos<\/h2>\n\n\n\n<p>Si el art\u00edculo fue marcado como regalo cuando se compr\u00f3 y se te envi\u00f3 directamente, recibir\u00e1s un cr\u00e9dito de regalo por el valor de tu devoluci\u00f3n. Una vez recibido el art\u00edculo devuelto, se te enviar\u00e1 un certificado de regalo.<\/p>\n\n\n\n<p>Si el art\u00edculo no fue marcado como regalo al momento de la compra, o el que hizo el regalo envi\u00f3 el pedido a s\u00ed mismo para entreg\u00e1rtelo m\u00e1s tarde, enviaremos un reembolso al comprador y se enterar\u00e1 de tu devoluci\u00f3n.<\/p>\n\n\n\n<h2 class=\"wp-block-heading\">Env\u00edo de devoluciones<\/h2>\n\n\n\n<p>Para devolver tu producto, debes enviarlo a: {direcci\u00f3n f\u00edsica}.<\/p>\n\n\n\n<p>Ser\u00e1s responsable de pagar tus propios costos de env\u00edo para devolver tu art\u00edculo. Los gastos de env\u00edo no son reembolsables. Si recibes un reembolso, el costo del env\u00edo de devoluci\u00f3n se deducir\u00e1 del mismo.<\/p>\n\n\n\n<p>Dependiendo de d\u00f3nde vivas, el tiempo que pueda tardar en llegarte el producto cambiado puede variar.<\/p>\n\n\n\n<p>Si vas a devolver art\u00edculos costosos, podr\u00edas considerar usar un servicio de env\u00edo con seguimiento o comprar un seguro de env\u00edo. No garantizamos que recibiremos tu art\u00edculo devuelto.<\/p>\n\n\n\n<h2 class=\"wp-block-heading\">\u00bfNecesitas ayuda?<\/h2>\n\n\n\n<p>Cont\u00e1ctanos en {correo electr\u00f3nico} para cualquier duda relacionada con reembolsos y devoluciones.<\/p>","protected":false},"excerpt":{"rendered":"<p>Esta es una p\u00e1gina de ejemplo. Resumen Nuestra pol\u00edtica de reembolsos y devoluciones tiene una duraci\u00f3n de 30 d\u00edas. Si han pasado 30 d\u00edas desde tu compra, no podemos ofrecerte un reembolso completo ni un cambio. Para ser elegible para una devoluci\u00f3n, el art\u00edculo debe estar sin usar y en las mismas condiciones en las [&hellip;]<\/p>","protected":false},"author":1,"featured_media":0,"parent":0,"menu_order":0,"comment_status":"closed","ping_status":"closed","template":"","meta":{"_et_pb_use_builder":"off","_et_pb_old_content":"","_et_gb_content_width":"","footnotes":""},"class_list":["post-5311","page","type-page","status-publish","hentry"],"yoast_head":"<!-- This site is optimized with the Yoast SEO plugin v26.1.1 - https:\/\/yoast.com\/wordpress\/plugins\/seo\/ -->\n<title>Pol\u00edtica de devoluciones y reembolsos - Xanela Da Terra<\/title>\n<meta name=\"robots\" content=\"index, follow, max-snippet:-1, max-image-preview:large, max-video-preview:-1\" \/>\n<link rel=\"canonical\" href=\"https:\/\/xaneladaterra.es\/es\/politica-de-devoluciones-y-reembolsos\/\" \/>\n<meta property=\"og:locale\" content=\"es_ES\" \/>\n<meta property=\"og:type\" content=\"article\" \/>\n<meta property=\"og:title\" content=\"Pol\u00edtica de devoluciones y reembolsos - Xanela Da Terra\" \/>\n<meta property=\"og:description\" content=\"Esta es una p\u00e1gina de ejemplo. Resumen Nuestra pol\u00edtica de reembolsos y devoluciones tiene una duraci\u00f3n de 30 d\u00edas. Si han pasado 30 d\u00edas desde tu compra, no podemos ofrecerte un reembolso completo ni un cambio. Para ser elegible para una devoluci\u00f3n, el art\u00edculo debe estar sin usar y en las mismas condiciones en las [&hellip;]\" \/>\n<meta property=\"og:url\" content=\"https:\/\/xaneladaterra.es\/es\/politica-de-devoluciones-y-reembolsos\/\" \/>\n<meta property=\"og:site_name\" content=\"Xanela Da Terra\" \/>\n<meta property=\"article:modified_time\" content=\"2025-10-13T07:22:36+00:00\" \/>\n<meta name=\"twitter:card\" content=\"summary_large_image\" \/>\n<meta name=\"twitter:label1\" content=\"Tiempo de lectura\" \/>\n\t<meta name=\"twitter:data1\" content=\"3 minutos\" \/>\n<script type=\"application\/ld+json\" class=\"yoast-schema-graph\">{\"@context\":\"https:\/\/schema.org\",\"@graph\":[{\"@type\":\"WebPage\",\"@id\":\"https:\/\/xaneladaterra.es\/es\/politica-de-devoluciones-y-reembolsos\/\",\"url\":\"https:\/\/xaneladaterra.es\/es\/politica-de-devoluciones-y-reembolsos\/\",\"name\":\"Pol\u00edtica de devoluciones y reembolsos - Xanela Da Terra\",\"isPartOf\":{\"@id\":\"https:\/\/xaneladaterra.es\/es\/#website\"},\"datePublished\":\"2025-10-13T07:21:10+00:00\",\"dateModified\":\"2025-10-13T07:22:36+00:00\",\"inLanguage\":\"es\",\"potentialAction\":[{\"@type\":\"ReadAction\",\"target\":[\"https:\/\/xaneladaterra.es\/es\/politica-de-devoluciones-y-reembolsos\/\"]}]},{\"@type\":\"WebSite\",\"@id\":\"https:\/\/xaneladaterra.es\/es\/#website\",\"url\":\"https:\/\/xaneladaterra.es\/es\/\",\"name\":\"Xanela Da Terra\",\"description\":\"En nuestra tienda podr\u00e1s encontrar desde el pan del d\u00eda, fruta y verdura de temporada, vinos de la zona y alrededores y todo tipo de productos locales.\",\"publisher\":{\"@id\":\"https:\/\/xaneladaterra.es\/es\/#organization\"},\"potentialAction\":[{\"@type\":\"SearchAction\",\"target\":{\"@type\":\"EntryPoint\",\"urlTemplate\":\"https:\/\/xaneladaterra.es\/es\/?s={search_term_string}\"},\"query-input\":{\"@type\":\"PropertyValueSpecification\",\"valueRequired\":true,\"valueName\":\"search_term_string\"}}],\"inLanguage\":\"es\"},{\"@type\":\"Organization\",\"@id\":\"https:\/\/xaneladaterra.es\/es\/#organization\",\"name\":\"Xanela Da Terra\",\"url\":\"https:\/\/xaneladaterra.es\/es\/\",\"logo\":{\"@type\":\"ImageObject\",\"inLanguage\":\"es\",\"@id\":\"https:\/\/xaneladaterra.es\/es\/#\/schema\/logo\/image\/\",\"url\":\"https:\/\/xaneladaterra.es\/wp-content\/uploads\/2025\/09\/IMG-20240510-WA0039.jpg\",\"contentUrl\":\"https:\/\/xaneladaterra.es\/wp-content\/uploads\/2025\/09\/IMG-20240510-WA0039.jpg\",\"width\":246,\"height\":162,\"caption\":\"Xanela Da Terra\"},\"image\":{\"@id\":\"https:\/\/xaneladaterra.es\/es\/#\/schema\/logo\/image\/\"},\"sameAs\":[\"https:\/\/www.instagram.com\/xaneladaterraa\/\"]}]}<\/script>\n<!-- \/ Yoast SEO plugin. -->","yoast_head_json":{"title":"Pol\u00edtica de devoluciones y reembolsos - Xanela Da Terra","robots":{"index":"index","follow":"follow","max-snippet":"max-snippet:-1","max-image-preview":"max-image-preview:large","max-video-preview":"max-video-preview:-1"},"canonical":"https:\/\/xaneladaterra.es\/es\/politica-de-devoluciones-y-reembolsos\/","og_locale":"es_ES","og_type":"article","og_title":"Pol\u00edtica de devoluciones y reembolsos - Xanela Da Terra","og_description":"Esta es una p\u00e1gina de ejemplo. Resumen Nuestra pol\u00edtica de reembolsos y devoluciones tiene una duraci\u00f3n de 30 d\u00edas. Si han pasado 30 d\u00edas desde tu compra, no podemos ofrecerte un reembolso completo ni un cambio. Para ser elegible para una devoluci\u00f3n, el art\u00edculo debe estar sin usar y en las mismas condiciones en las [&hellip;]","og_url":"https:\/\/xaneladaterra.es\/es\/politica-de-devoluciones-y-reembolsos\/","og_site_name":"Xanela Da Terra","article_modified_time":"2025-10-13T07:22:36+00:00","twitter_card":"summary_large_image","twitter_misc":{"Tiempo de lectura":"3 minutos"},"schema":{"@context":"https:\/\/schema.org","@graph":[{"@type":"WebPage","@id":"https:\/\/xaneladaterra.es\/es\/politica-de-devoluciones-y-reembolsos\/","url":"https:\/\/xaneladaterra.es\/es\/politica-de-devoluciones-y-reembolsos\/","name":"Pol\u00edtica de devoluciones y reembolsos - Xanela Da Terra","isPartOf":{"@id":"https:\/\/xaneladaterra.es\/es\/#website"},"datePublished":"2025-10-13T07:21:10+00:00","dateModified":"2025-10-13T07:22:36+00:00","inLanguage":"es","potentialAction":[{"@type":"ReadAction","target":["https:\/\/xaneladaterra.es\/es\/politica-de-devoluciones-y-reembolsos\/"]}]},{"@type":"WebSite","@id":"https:\/\/xaneladaterra.es\/es\/#website","url":"https:\/\/xaneladaterra.es\/es\/","name":"Xanela Da Terra","description":"En nuestra tienda podr\u00e1s encontrar desde el pan del d\u00eda, fruta y verdura de temporada, vinos de la zona y alrededores y todo tipo de productos locales.","publisher":{"@id":"https:\/\/xaneladaterra.es\/es\/#organization"},"potentialAction":[{"@type":"SearchAction","target":{"@type":"EntryPoint","urlTemplate":"https:\/\/xaneladaterra.es\/es\/?s={search_term_string}"},"query-input":{"@type":"PropertyValueSpecification","valueRequired":true,"valueName":"search_term_string"}}],"inLanguage":"es"},{"@type":"Organization","@id":"https:\/\/xaneladaterra.es\/es\/#organization","name":"Xanela Da Terra","url":"https:\/\/xaneladaterra.es\/es\/","logo":{"@type":"ImageObject","inLanguage":"es","@id":"https:\/\/xaneladaterra.es\/es\/#\/schema\/logo\/image\/","url":"https:\/\/xaneladaterra.es\/wp-content\/uploads\/2025\/09\/IMG-20240510-WA0039.jpg","contentUrl":"https:\/\/xaneladaterra.es\/wp-content\/uploads\/2025\/09\/IMG-20240510-WA0039.jpg","width":246,"height":162,"caption":"Xanela Da Terra"},"image":{"@id":"https:\/\/xaneladaterra.es\/es\/#\/schema\/logo\/image\/"},"sameAs":["https:\/\/www.instagram.com\/xaneladaterraa\/"]}]}},"_links":{"self":[{"href":"https:\/\/xaneladaterra.es\/es\/wp-json\/wp\/v2\/pages\/5311","targetHints":{"allow":["GET"]}}],"collection":[{"href":"https:\/\/xaneladaterra.es\/es\/wp-json\/wp\/v2\/pages"}],"about":[{"href":"https:\/\/xaneladaterra.es\/es\/wp-json\/wp\/v2\/types\/page"}],"author":[{"embeddable":true,"href":"https:\/\/xaneladaterra.es\/es\/wp-json\/wp\/v2\/users\/1"}],"replies":[{"embeddable":true,"href":"https:\/\/xaneladaterra.es\/es\/wp-json\/wp\/v2\/comments?post=5311"}],"version-history":[{"count":2,"href":"https:\/\/xaneladaterra.es\/es\/wp-json\/wp\/v2\/pages\/5311\/revisions"}],"predecessor-version":[{"id":5316,"href":"https:\/\/xaneladaterra.es\/es\/wp-json\/wp\/v2\/pages\/5311\/revisions\/5316"}],"wp:attachment":[{"href":"https:\/\/xaneladaterra.es\/es\/wp-json\/wp\/v2\/media?parent=5311"}],"curies":[{"name":"wp","href":"https:\/\/api.w.org\/{rel}","templated":true}]}}