{"id":4098,"date":"2025-09-30T13:18:33","date_gmt":"2025-09-30T11:18:33","guid":{"rendered":"https:\/\/xaneladaterra.es\/?page_id=4098"},"modified":"2025-10-14T13:11:02","modified_gmt":"2025-10-14T11:11:02","slug":"declaracion-de-accesibilidad","status":"publish","type":"page","link":"https:\/\/xaneladaterra.es\/es\/declaracion-de-accesibilidad\/","title":{"rendered":"Declaraci\u00f3n de accesibilidad"},"content":{"rendered":"<ol>\n<li><strong> Accesibilidad<\/strong><\/li>\n<\/ol>\n<p>Este sitio web es accesible, de conformidad con el Real Decreto 1112\/2018, de 7 de septiembre, sobre accesibilidad de los sitios web y aplicaciones para dispositivos m\u00f3viles.<\/p>\n<p>La presente declaraci\u00f3n de accesibilidad se aplica al sitio web https:\/\/xaneladaterra.es<\/p>\n<ol start=\"2\">\n<li><strong> Situaci\u00f3n de cumplimiento<\/strong><\/li>\n<\/ol>\n<p>Este sitio web es parcialmente conforme con el RD 1112\/2018 debido a las excepciones y a la falta de conformidad de los aspectos que se indican en el siguiente punto.<\/p>\n<ol start=\"3\">\n<li><strong> Contenido no accesible<\/strong><\/li>\n<\/ol>\n<p>El contenido que se recoge a continuaci\u00f3n no es accesible por lo siguiente:<\/p>\n<p>Falta de conformidad con el RD 1112\/2018<\/p>\n<p>Podr\u00edan existir documentos ofim\u00e1ticos en PDF y otros formatos que no cumplan en su totalidad los requisitos de accesibilidad. Aunque se ha procurado que la mayor\u00eda de ellos s\u00ed lo cumplan.<\/p>\n<p>Podr\u00edan existir errores de c\u00f3digo puntuales de edici\u00f3n en alguna p\u00e1gina web.<\/p>\n<ol start=\"4\">\n<li><strong> Preparaci\u00f3n de esta declaraci\u00f3n de accesibilidad<\/strong><\/li>\n<\/ol>\n<p>La presente declaraci\u00f3n fue preparada el 1 de Enero de 2024.<\/p>\n<p>El m\u00e9todo empleado para preparar la declaraci\u00f3n ha sido una autoevaluaci\u00f3n llevada a cabo por la empresa desarrolladora de la p\u00e1gina web.<\/p>\n<ol start=\"5\">\n<li><strong> Comentarios e informaci\u00f3n de contacto<\/strong><\/li>\n<\/ol>\n<p>Puede realizar comunicaciones sobre requisitos de accesibilidad (art\u00edculo 10.2.a del RD 1112\/2018) como, por ejemplo:<\/p>\n<p>Informar sobre cualquier posible incumplimiento por parte de este sitio web.<\/p>\n<p>Transmitir otras dificultades de acceso al contenido.<\/p>\n<p>Formular cualquier otra consulta o sugerencia de mejora relativa a la accesibilidad del sitio web a trav\u00e9s del formulario de contacto de este sitio web.<\/p>\n<p>Puede presentar:<\/p>\n<p>Queja relativa al cumplimiento de los requisitos del RD 1112\/2018 o<\/p>\n<p>Solicitud de Informaci\u00f3n accesible relativa a:<\/p>\n<p>Contenidos que est\u00e1n excluidos del \u00e1mbito de aplicaci\u00f3n del RD 1112\/2018 seg\u00fan lo establecido por el art\u00edculo 3, apartado 4.<\/p>\n<p>Contenidos que est\u00e1n exentos del cumplimiento de los requisitos de accesibilidad por imponer una carga desproporcionada.<\/p>\n<p>En la Solicitud de informaci\u00f3n accesible, se debe concretar, con toda claridad, los hechos, razones y petici\u00f3n que permitan constatar que se trata de una solicitud razonable y leg\u00edtima.<\/p>\n<p>Las quejas y reclamaciones sobre informaci\u00f3n accesible se realizar\u00e1n a trav\u00e9s de a trav\u00e9s del formulario de contacto de este sitio web.<\/p>","protected":false},"excerpt":{"rendered":"<p>Accesibilidad Este sitio web es accesible, de conformidad con el Real Decreto 1112\/2018, de 7 de septiembre, sobre accesibilidad de los sitios web y aplicaciones para dispositivos m\u00f3viles. La presente declaraci\u00f3n de accesibilidad se aplica al sitio web https:\/\/xaneladaterra.es Situaci\u00f3n de cumplimiento Este sitio web es parcialmente conforme con el RD 1112\/2018 debido a las [&hellip;]<\/p>","protected":false},"author":1,"featured_media":0,"parent":0,"menu_order":0,"comment_status":"closed","ping_status":"closed","template":"","meta":{"_et_pb_use_builder":"off","_et_pb_old_content":"<ol><li><strong> Accesibilidad<\/strong><\/li><\/ol><p>Este sitio web es accesible, de conformidad con el Real Decreto 1112\/2018, de 7 de septiembre, sobre accesibilidad de los sitios web y aplicaciones para dispositivos m\u00f3viles.<\/p><p>La presente declaraci\u00f3n de accesibilidad se aplica al sitio web https:\/\/alecrinartefloral.es<\/p><ol start=\"2\"><li><strong> Situaci\u00f3n de cumplimiento<\/strong><\/li><\/ol><p>Este sitio web es parcialmente conforme con el RD 1112\/2018 debido a las excepciones y a la falta de conformidad de los aspectos que se indican en el siguiente punto.<\/p><ol start=\"3\"><li><strong> Contenido no accesible<\/strong><\/li><\/ol><p>El contenido que se recoge a continuaci\u00f3n no es accesible por lo siguiente:<\/p><p>Falta de conformidad con el RD 1112\/2018<\/p><p>Podr\u00edan existir documentos ofim\u00e1ticos en PDF y otros formatos que no cumplan en su totalidad los requisitos de accesibilidad. Aunque se ha procurado que la mayor\u00eda de ellos s\u00ed lo cumplan.<\/p><p>Podr\u00edan existir errores de c\u00f3digo puntuales de edici\u00f3n en alguna p\u00e1gina web.<\/p><ol start=\"4\"><li><strong> Preparaci\u00f3n de esta declaraci\u00f3n de accesibilidad<\/strong><\/li><\/ol><p>La presente declaraci\u00f3n fue preparada el 1 de Enero de 2024.<\/p><p>El m\u00e9todo empleado para preparar la declaraci\u00f3n ha sido una autoevaluaci\u00f3n llevada a cabo por la empresa desarrolladora de la p\u00e1gina web.<\/p><ol start=\"5\"><li><strong> Comentarios e informaci\u00f3n de contacto<\/strong><\/li><\/ol><p>Puede realizar comunicaciones sobre requisitos de accesibilidad (art\u00edculo 10.2.a del RD 1112\/2018) como, por ejemplo:<\/p><p>Informar sobre cualquier posible incumplimiento por parte de este sitio web.<\/p><p>Transmitir otras dificultades de acceso al contenido.<\/p><p>Formular cualquier otra consulta o sugerencia de mejora relativa a la accesibilidad del sitio web a trav\u00e9s del formulario de contacto de este sitio web.<\/p><p>Puede presentar:<\/p><p>Queja relativa al cumplimiento de los requisitos del RD 1112\/2018 o<\/p><p>Solicitud de Informaci\u00f3n accesible relativa a:<\/p><p>Contenidos que est\u00e1n excluidos del \u00e1mbito de aplicaci\u00f3n del RD 1112\/2018 seg\u00fan lo establecido por el art\u00edculo 3, apartado 4.<\/p><p>Contenidos que est\u00e1n exentos del cumplimiento de los requisitos de accesibilidad por imponer una carga desproporcionada.<\/p><p>En la Solicitud de informaci\u00f3n accesible, se debe concretar, con toda claridad, los hechos, razones y petici\u00f3n que permitan constatar que se trata de una solicitud razonable y leg\u00edtima.<\/p><p>Las quejas y reclamaciones sobre informaci\u00f3n accesible se realizar\u00e1n a trav\u00e9s de a trav\u00e9s del formulario de contacto de este sitio web.<\/p><br><br>","_et_gb_content_width":"","footnotes":""},"class_list":["post-4098","page","type-page","status-publish","hentry"],"yoast_head":"<!-- This site is optimized with the Yoast SEO plugin v26.1.1 - https:\/\/yoast.com\/wordpress\/plugins\/seo\/ -->\n<title>Declaraci\u00f3n de accesibilidad - Xanela Da Terra<\/title>\n<meta name=\"robots\" content=\"index, follow, max-snippet:-1, max-image-preview:large, max-video-preview:-1\" \/>\n<link rel=\"canonical\" href=\"https:\/\/xaneladaterra.es\/es\/declaracion-de-accesibilidad\/\" \/>\n<meta property=\"og:locale\" content=\"es_ES\" \/>\n<meta property=\"og:type\" content=\"article\" \/>\n<meta property=\"og:title\" content=\"Declaraci\u00f3n de accesibilidad - Xanela Da Terra\" \/>\n<meta property=\"og:description\" content=\"Accesibilidad Este sitio web es accesible, de conformidad con el Real Decreto 1112\/2018, de 7 de septiembre, sobre accesibilidad de los sitios web y aplicaciones para dispositivos m\u00f3viles. La presente declaraci\u00f3n de accesibilidad se aplica al sitio web https:\/\/xaneladaterra.es Situaci\u00f3n de cumplimiento Este sitio web es parcialmente conforme con el RD 1112\/2018 debido a las [&hellip;]\" \/>\n<meta property=\"og:url\" content=\"https:\/\/xaneladaterra.es\/es\/declaracion-de-accesibilidad\/\" \/>\n<meta property=\"og:site_name\" content=\"Xanela Da Terra\" \/>\n<meta property=\"article:modified_time\" content=\"2025-10-14T11:11:02+00:00\" \/>\n<meta name=\"twitter:card\" content=\"summary_large_image\" \/>\n<meta name=\"twitter:label1\" content=\"Tiempo de lectura\" \/>\n\t<meta name=\"twitter:data1\" content=\"2 minutos\" \/>\n<script type=\"application\/ld+json\" class=\"yoast-schema-graph\">{\"@context\":\"https:\/\/schema.org\",\"@graph\":[{\"@type\":\"WebPage\",\"@id\":\"https:\/\/xaneladaterra.es\/es\/declaracion-de-accesibilidad\/\",\"url\":\"https:\/\/xaneladaterra.es\/es\/declaracion-de-accesibilidad\/\",\"name\":\"Declaraci\u00f3n de accesibilidad - Xanela Da Terra\",\"isPartOf\":{\"@id\":\"https:\/\/xaneladaterra.es\/es\/#website\"},\"datePublished\":\"2025-09-30T11:18:33+00:00\",\"dateModified\":\"2025-10-14T11:11:02+00:00\",\"inLanguage\":\"es\",\"potentialAction\":[{\"@type\":\"ReadAction\",\"target\":[\"https:\/\/xaneladaterra.es\/es\/declaracion-de-accesibilidad\/\"]}]},{\"@type\":\"WebSite\",\"@id\":\"https:\/\/xaneladaterra.es\/es\/#website\",\"url\":\"https:\/\/xaneladaterra.es\/es\/\",\"name\":\"Xanela Da Terra\",\"description\":\"En nuestra tienda podr\u00e1s encontrar desde el pan del d\u00eda, fruta y verdura de temporada, vinos de la zona y alrededores y todo tipo de productos locales.\",\"publisher\":{\"@id\":\"https:\/\/xaneladaterra.es\/es\/#organization\"},\"potentialAction\":[{\"@type\":\"SearchAction\",\"target\":{\"@type\":\"EntryPoint\",\"urlTemplate\":\"https:\/\/xaneladaterra.es\/es\/?s={search_term_string}\"},\"query-input\":{\"@type\":\"PropertyValueSpecification\",\"valueRequired\":true,\"valueName\":\"search_term_string\"}}],\"inLanguage\":\"es\"},{\"@type\":\"Organization\",\"@id\":\"https:\/\/xaneladaterra.es\/es\/#organization\",\"name\":\"Xanela Da Terra\",\"url\":\"https:\/\/xaneladaterra.es\/es\/\",\"logo\":{\"@type\":\"ImageObject\",\"inLanguage\":\"es\",\"@id\":\"https:\/\/xaneladaterra.es\/es\/#\/schema\/logo\/image\/\",\"url\":\"https:\/\/xaneladaterra.es\/wp-content\/uploads\/2025\/09\/IMG-20240510-WA0039.jpg\",\"contentUrl\":\"https:\/\/xaneladaterra.es\/wp-content\/uploads\/2025\/09\/IMG-20240510-WA0039.jpg\",\"width\":246,\"height\":162,\"caption\":\"Xanela Da Terra\"},\"image\":{\"@id\":\"https:\/\/xaneladaterra.es\/es\/#\/schema\/logo\/image\/\"},\"sameAs\":[\"https:\/\/www.instagram.com\/xaneladaterraa\/\"]}]}<\/script>\n<!-- \/ Yoast SEO plugin. -->","yoast_head_json":{"title":"Declaraci\u00f3n de accesibilidad - Xanela Da Terra","robots":{"index":"index","follow":"follow","max-snippet":"max-snippet:-1","max-image-preview":"max-image-preview:large","max-video-preview":"max-video-preview:-1"},"canonical":"https:\/\/xaneladaterra.es\/es\/declaracion-de-accesibilidad\/","og_locale":"es_ES","og_type":"article","og_title":"Declaraci\u00f3n de accesibilidad - Xanela Da Terra","og_description":"Accesibilidad Este sitio web es accesible, de conformidad con el Real Decreto 1112\/2018, de 7 de septiembre, sobre accesibilidad de los sitios web y aplicaciones para dispositivos m\u00f3viles. La presente declaraci\u00f3n de accesibilidad se aplica al sitio web https:\/\/xaneladaterra.es Situaci\u00f3n de cumplimiento Este sitio web es parcialmente conforme con el RD 1112\/2018 debido a las [&hellip;]","og_url":"https:\/\/xaneladaterra.es\/es\/declaracion-de-accesibilidad\/","og_site_name":"Xanela Da Terra","article_modified_time":"2025-10-14T11:11:02+00:00","twitter_card":"summary_large_image","twitter_misc":{"Tiempo de lectura":"2 minutos"},"schema":{"@context":"https:\/\/schema.org","@graph":[{"@type":"WebPage","@id":"https:\/\/xaneladaterra.es\/es\/declaracion-de-accesibilidad\/","url":"https:\/\/xaneladaterra.es\/es\/declaracion-de-accesibilidad\/","name":"Declaraci\u00f3n de accesibilidad - Xanela Da Terra","isPartOf":{"@id":"https:\/\/xaneladaterra.es\/es\/#website"},"datePublished":"2025-09-30T11:18:33+00:00","dateModified":"2025-10-14T11:11:02+00:00","inLanguage":"es","potentialAction":[{"@type":"ReadAction","target":["https:\/\/xaneladaterra.es\/es\/declaracion-de-accesibilidad\/"]}]},{"@type":"WebSite","@id":"https:\/\/xaneladaterra.es\/es\/#website","url":"https:\/\/xaneladaterra.es\/es\/","name":"Xanela Da Terra","description":"En nuestra tienda podr\u00e1s encontrar desde el pan del d\u00eda, fruta y verdura de temporada, vinos de la zona y alrededores y todo tipo de productos locales.","publisher":{"@id":"https:\/\/xaneladaterra.es\/es\/#organization"},"potentialAction":[{"@type":"SearchAction","target":{"@type":"EntryPoint","urlTemplate":"https:\/\/xaneladaterra.es\/es\/?s={search_term_string}"},"query-input":{"@type":"PropertyValueSpecification","valueRequired":true,"valueName":"search_term_string"}}],"inLanguage":"es"},{"@type":"Organization","@id":"https:\/\/xaneladaterra.es\/es\/#organization","name":"Xanela Da Terra","url":"https:\/\/xaneladaterra.es\/es\/","logo":{"@type":"ImageObject","inLanguage":"es","@id":"https:\/\/xaneladaterra.es\/es\/#\/schema\/logo\/image\/","url":"https:\/\/xaneladaterra.es\/wp-content\/uploads\/2025\/09\/IMG-20240510-WA0039.jpg","contentUrl":"https:\/\/xaneladaterra.es\/wp-content\/uploads\/2025\/09\/IMG-20240510-WA0039.jpg","width":246,"height":162,"caption":"Xanela Da Terra"},"image":{"@id":"https:\/\/xaneladaterra.es\/es\/#\/schema\/logo\/image\/"},"sameAs":["https:\/\/www.instagram.com\/xaneladaterraa\/"]}]}},"_links":{"self":[{"href":"https:\/\/xaneladaterra.es\/es\/wp-json\/wp\/v2\/pages\/4098","targetHints":{"allow":["GET"]}}],"collection":[{"href":"https:\/\/xaneladaterra.es\/es\/wp-json\/wp\/v2\/pages"}],"about":[{"href":"https:\/\/xaneladaterra.es\/es\/wp-json\/wp\/v2\/types\/page"}],"author":[{"embeddable":true,"href":"https:\/\/xaneladaterra.es\/es\/wp-json\/wp\/v2\/users\/1"}],"replies":[{"embeddable":true,"href":"https:\/\/xaneladaterra.es\/es\/wp-json\/wp\/v2\/comments?post=4098"}],"version-history":[{"count":7,"href":"https:\/\/xaneladaterra.es\/es\/wp-json\/wp\/v2\/pages\/4098\/revisions"}],"predecessor-version":[{"id":5564,"href":"https:\/\/xaneladaterra.es\/es\/wp-json\/wp\/v2\/pages\/4098\/revisions\/5564"}],"wp:attachment":[{"href":"https:\/\/xaneladaterra.es\/es\/wp-json\/wp\/v2\/media?parent=4098"}],"curies":[{"name":"wp","href":"https:\/\/api.w.org\/{rel}","templated":true}]}}