{"id":4059,"date":"2025-09-30T11:53:55","date_gmt":"2025-09-30T09:53:55","guid":{"rendered":"https:\/\/xaneladaterra.es\/?page_id=4059"},"modified":"2025-11-10T18:15:24","modified_gmt":"2025-11-10T17:15:24","slug":"contacto","status":"publish","type":"page","link":"https:\/\/xaneladaterra.es\/es\/contacto\/","title":{"rendered":"Contacto"},"content":{"rendered":"<p>[et_pb_section fb_built=&#8221;1&#8243; custom_padding_last_edited=&#8221;off|desktop&#8221; admin_label=&#8221;Header Section&#8221; _builder_version=&#8221;4.27.4&#8243; use_background_color_gradient=&#8221;on&#8221; background_color_gradient_stops=&#8221;#f5efed 38%|rgba(255,255,255,0) 100%&#8221; background_color_gradient_overlays_image=&#8221;on&#8221; background_color_gradient_start=&#8221;#e8e8e8&#8243; background_color_gradient_start_position=&#8221;40%&#8221; background_color_gradient_end=&#8221;rgba(255,255,255,0)&#8221; background_image=&#8221;https:\/\/xaneladaterra.es\/wp-content\/uploads\/2025\/07\/IMG_20250710_110258-scaled.jpg&#8221; parallax=&#8221;on&#8221; custom_padding=&#8221;5%|0px|21.5%|0px||&#8221; custom_padding_tablet=&#8221;320px|0px|0px|0px&#8221; global_colors_info=&#8221;{}&#8221;][et_pb_row admin_label=&#8221;Header Row&#8221; _builder_version=&#8221;4.16&#8243; global_colors_info=&#8221;{}&#8221;][et_pb_column type=&#8221;4_4&#8243; _builder_version=&#8221;4.16&#8243; custom_padding=&#8221;|||&#8221; global_colors_info=&#8221;{}&#8221; custom_padding__hover=&#8221;|||&#8221;][et_pb_text _builder_version=&#8221;4.27.4&#8243; text_font=&#8221;Open Sans|600|||||||&#8221; text_font_size=&#8221;16px&#8221; text_line_height=&#8221;1.8em&#8221; header_font=&#8221;&#8211;et_global_heading_font|&#8211;et_global_heading_font_weight||on|||||&#8221; header_font_size=&#8221;60px&#8221; header_letter_spacing=&#8221;5px&#8221; header_line_height=&#8221;1.4em&#8221; text_orientation=&#8221;center&#8221; max_width=&#8221;700px&#8221; module_alignment=&#8221;center&#8221; animation_style=&#8221;fade&#8221; header_font_size_tablet=&#8221;60px&#8221; header_font_size_phone=&#8221;2rem&#8221; header_font_size_last_edited=&#8221;on|phone&#8221; global_colors_info=&#8221;{}&#8221;]<\/p>\n<h1>Cont\u00e1ctanos<\/h1>\n<p>\u00bfNecesitas ayuda? Puedes escribirnos, llamarnos o visitarnos en nuestra tienda. Estaremos encantados de atenderte.<\/p>\n<p>[\/et_pb_text][\/et_pb_column][\/et_pb_row][\/et_pb_section][et_pb_section fb_built=&#8221;1&#8243; admin_label=&#8221;Contact Info Section&#8221; _builder_version=&#8221;4.27.4&#8243; background_color=&#8221;#F5EFED&#8221; custom_padding=&#8221;100px|0px|4px|0px||&#8221; global_colors_info=&#8221;{}&#8221;][et_pb_row column_structure=&#8221;1_4,1_4,1_4,1_4&#8243; make_equal=&#8221;on&#8221; admin_label=&#8221;Contact Info Row&#8221; _builder_version=&#8221;4.27.4&#8243; background_color=&#8221;#FFFFFF&#8221; custom_margin=&#8221;-12rem||||false|false&#8221; custom_padding=&#8221;|2rem||2rem|false|true&#8221; border_radii=&#8221;on|5px|5px|5px|5px&#8221; box_shadow_style=&#8221;preset1&#8243; global_colors_info=&#8221;{}&#8221;][et_pb_column type=&#8221;1_4&#8243; _builder_version=&#8221;4.16&#8243; custom_padding=&#8221;|||&#8221; global_colors_info=&#8221;{}&#8221; custom_padding__hover=&#8221;|||&#8221;][et_pb_blurb title=&#8221;vis\u00edtanos&#8221; use_icon=&#8221;on&#8221; font_icon=&#8221;&#xe01d;||divi||400&#8243; image_icon_width=&#8221;40px&#8221; admin_label=&#8221;Location&#8221; _builder_version=&#8221;4.27.4&#8243; header_level=&#8221;h2&#8243; header_font=&#8221;&#8211;et_global_heading_font|800||on|||||&#8221; header_font_size=&#8221;16px&#8221; header_letter_spacing=&#8221;2px&#8221; header_line_height=&#8221;1.7em&#8221; body_font=&#8221;Open Sans|600|||||||&#8221; body_text_color=&#8221;#575757&#8243; text_orientation=&#8221;center&#8221; animation_style=&#8221;zoom&#8221; animation_intensity_zoom=&#8221;10%&#8221; animation=&#8221;off&#8221; image_max_width=&#8221;40px&#8221; global_colors_info=&#8221;{}&#8221;]<\/p>\n<p>R\u00faa Faustino Rey Romero, 13<\/p>\n<p>15920, Rianxo, A Coru\u00f1a<\/p>\n<p>[\/et_pb_blurb][\/et_pb_column][et_pb_column type=&#8221;1_4&#8243; _builder_version=&#8221;4.16&#8243; custom_padding=&#8221;|||&#8221; global_colors_info=&#8221;{}&#8221; custom_padding__hover=&#8221;|||&#8221;][et_pb_blurb title=&#8221;Tel\u00e9fono&#8221; use_icon=&#8221;on&#8221; font_icon=&#8221;&#xe090;||divi||400&#8243; image_icon_width=&#8221;40px&#8221; admin_label=&#8221;Contact&#8221; _builder_version=&#8221;4.27.4&#8243; header_level=&#8221;h2&#8243; header_font=&#8221;&#8211;et_global_heading_font|800||on|||||&#8221; header_font_size=&#8221;16px&#8221; header_letter_spacing=&#8221;2px&#8221; header_line_height=&#8221;1.7em&#8221; body_font=&#8221;Open Sans|600|||||||&#8221; body_text_color=&#8221;#575757&#8243; text_orientation=&#8221;center&#8221; animation_style=&#8221;zoom&#8221; animation_delay=&#8221;100ms&#8221; animation_intensity_zoom=&#8221;10%&#8221; animation=&#8221;off&#8221; image_max_width=&#8221;40px&#8221; global_colors_info=&#8221;{}&#8221;]<\/p>\n<p>+34 612 345 678<\/p>\n<p>[\/et_pb_blurb][\/et_pb_column][et_pb_column type=&#8221;1_4&#8243; _builder_version=&#8221;4.16&#8243; custom_padding=&#8221;|||&#8221; global_colors_info=&#8221;{}&#8221; custom_padding__hover=&#8221;|||&#8221;][et_pb_blurb title=&#8221;Correo electr\u00f3nico&#8221; use_icon=&#8221;on&#8221; font_icon=&#8221;&#xf0e0;||fa||400&#8243; image_icon_width=&#8221;40px&#8221; admin_label=&#8221;Email&#8221; _builder_version=&#8221;4.27.4&#8243; header_level=&#8221;h2&#8243; header_font=&#8221;&#8211;et_global_heading_font|800||on|||||&#8221; header_font_size=&#8221;16px&#8221; header_letter_spacing=&#8221;2px&#8221; header_line_height=&#8221;1.7em&#8221; body_font=&#8221;Open Sans|600|||||||&#8221; body_text_color=&#8221;#575757&#8243; text_orientation=&#8221;center&#8221; animation_style=&#8221;zoom&#8221; animation_delay=&#8221;200ms&#8221; animation_intensity_zoom=&#8221;10%&#8221; animation=&#8221;off&#8221; image_max_width=&#8221;40px&#8221; global_colors_info=&#8221;{}&#8221;]<\/p>\n<p>tenda@xaneladaterra.es<\/p>\n<p>[\/et_pb_blurb][\/et_pb_column][et_pb_column type=&#8221;1_4&#8243; _builder_version=&#8221;4.16&#8243; custom_padding=&#8221;|||&#8221; global_colors_info=&#8221;{}&#8221; custom_padding__hover=&#8221;|||&#8221;][et_pb_blurb title=&#8221;Horario&#8221; use_icon=&#8221;on&#8221; font_icon=&#8221;&#xf017;||fa||400&#8243; image_icon_width=&#8221;40px&#8221; admin_label=&#8221;Basic Info&#8221; _builder_version=&#8221;4.27.4&#8243; header_level=&#8221;h2&#8243; header_font=&#8221;&#8211;et_global_heading_font|800||on|||||&#8221; header_font_size=&#8221;16px&#8221; header_letter_spacing=&#8221;2px&#8221; header_line_height=&#8221;1.7em&#8221; body_font=&#8221;Open Sans|600|||||||&#8221; body_text_color=&#8221;#575757&#8243; text_orientation=&#8221;center&#8221; animation_style=&#8221;zoom&#8221; animation_delay=&#8221;300ms&#8221; animation_intensity_zoom=&#8221;10%&#8221; animation=&#8221;off&#8221; image_max_width=&#8221;40px&#8221; global_colors_info=&#8221;{}&#8221;]<\/p>\n<p>Lunes a viernes: 9:30 \u2013 13:30 y 16:30 \u2013 20:30<\/p>\n<p>S\u00e1bado: 9:30 \u2013 14:00<\/p>\n<p>Domingo: Cerrado<\/p>\n<p>[\/et_pb_blurb][\/et_pb_column][\/et_pb_row][\/et_pb_section][et_pb_section fb_built=&#8221;1&#8243; admin_label=&#8221;Contact Section&#8221; _builder_version=&#8221;4.27.4&#8243; use_background_color_gradient=&#8221;on&#8221; background_color_gradient_stops=&#8221;#f5efed 33%|rgba(255,255,255,0) 69%&#8221; background_color_gradient_overlays_image=&#8221;on&#8221; background_color_gradient_start=&#8221;#ffffff&#8221; background_color_gradient_start_position=&#8221;20%&#8221; background_color_gradient_end=&#8221;rgba(255,255,255,0)&#8221; background_color_gradient_end_position=&#8221;80%&#8221; background_image=&#8221;https:\/\/xaneladaterra.es\/wp-content\/uploads\/2025\/09\/IMG_7994-scaled-1.jpg&#8221; background_position=&#8221;bottom_center&#8221; custom_padding=&#8221;70px|0px|0px|0px||&#8221; background_last_edited=&#8221;on|phone&#8221; use_background_color_gradient_phone=&#8221;on&#8221; background_color_gradient_stops_phone=&#8221;#f5efed 66%|rgba(255,255,255,0) 90%&#8221; saved_tabs=&#8221;all&#8221; global_colors_info=&#8221;{}&#8221;][et_pb_row column_structure=&#8221;1_2,1_2&#8243; admin_label=&#8221;Contact Us Row&#8221; _builder_version=&#8221;4.16&#8243; global_colors_info=&#8221;{}&#8221;][et_pb_column type=&#8221;1_2&#8243; _builder_version=&#8221;4.16&#8243; custom_padding=&#8221;|||&#8221; global_colors_info=&#8221;{}&#8221; custom_padding__hover=&#8221;|||&#8221;][et_pb_text _builder_version=&#8221;4.27.4&#8243; text_font=&#8221;Open Sans|600|||||||&#8221; text_font_size=&#8221;16px&#8221; text_line_height=&#8221;1.8em&#8221; header_font=&#8221;||||||||&#8221; header_2_font=&#8221;&#8211;et_global_heading_font|||on|||||&#8221; header_2_font_size=&#8221;3rem&#8221; header_2_letter_spacing=&#8221;3px&#8221; header_2_line_height=&#8221;1.8em&#8221; module_alignment=&#8221;center&#8221; custom_margin=&#8221;||||false|false&#8221; custom_margin_tablet=&#8221;0px|||&#8221; custom_margin_phone=&#8221;|||&#8221; custom_margin_last_edited=&#8221;on|phone&#8221; header_2_font_size_tablet=&#8221;3rem&#8221; header_2_font_size_phone=&#8221;2rem&#8221; header_2_font_size_last_edited=&#8221;on|phone&#8221; global_colors_info=&#8221;{}&#8221;]<\/p>\n<h2><strong data-start=\"490\" data-end=\"513\">M\u00e1ndanos un mensaje<\/strong><\/h2>\n<p>Rellena este formulario y cu\u00e9ntanos c\u00f3mo podemos ayudarte. En Xanela da Terra valoramos tu opini\u00f3n y estamos aqu\u00ed para resolver tus dudas, recibir tus sugerencias o informarte sobre nuestros productos sostenibles y de proximidad.<\/p>\n<p>[\/et_pb_text][\/et_pb_column][et_pb_column type=&#8221;1_2&#8243; _builder_version=&#8221;4.16&#8243; custom_padding=&#8221;|||&#8221; global_colors_info=&#8221;{}&#8221; custom_padding__hover=&#8221;|||&#8221;][et_pb_contact_form captcha=&#8221;off&#8221; module_id=&#8221;et_pb_contact_form_0&#8243; _builder_version=&#8221;4.27.4&#8243; form_field_background_color=&#8221;rgba(255,255,255,0.4)&#8221; form_field_text_color=&#8221;rgba(0,0,0,0.4)&#8221; form_field_font=&#8221;Open Sans|600|||||||&#8221; form_field_font_size=&#8221;14px&#8221; custom_button=&#8221;on&#8221; button_text_color=&#8221;#FFFFFF&#8221; button_bg_color=&#8221;#6F4E37&#8243; button_border_width=&#8221;1px&#8221; button_border_radius=&#8221;10px&#8221; button_font=&#8221;&#8211;et_global_heading_font||||||||&#8221; custom_css_free_form=&#8221;.et_pb_contact_form_label {||display: block;||margin-bottom: 0.3em;||color: #353535;||}&#8221; border_width_all=&#8221;2px&#8221; border_color_all=&#8221;rgba(51,51,51,0.1)&#8221; form_background_color=&#8221;rgba(255,255,255,0.4)&#8221; global_colors_info=&#8221;{}&#8221; button_text_color__hover=&#8221;#6F4E37&#8243; button_text_color__hover_enabled=&#8221;on|hover&#8221; button_bg_color__hover=&#8221;#FFFFFF&#8221; button_bg_color__hover_enabled=&#8221;on|hover&#8221; button_border_color__hover=&#8221;#6F4E37&#8243; button_border_color__hover_enabled=&#8221;on|desktop&#8221; button_border_radius__hover=&#8221;10px&#8221; button_border_radius__hover_enabled=&#8221;on|hover&#8221; button_letter_spacing__hover=&#8221;0px&#8221; button_letter_spacing__hover_enabled=&#8221;on|hover&#8221;][et_pb_contact_field field_id=&#8221;nombre&#8221; field_title=&#8221;Nombre&#8221; _builder_version=&#8221;4.27.4&#8243; global_colors_info=&#8221;{}&#8221; button_text_size__hover_enabled=&#8221;off&#8221; button_one_text_size__hover_enabled=&#8221;off&#8221; button_two_text_size__hover_enabled=&#8221;off&#8221; button_text_color__hover_enabled=&#8221;off&#8221; button_one_text_color__hover_enabled=&#8221;off&#8221; button_two_text_color__hover_enabled=&#8221;off&#8221; button_border_width__hover_enabled=&#8221;off&#8221; button_one_border_width__hover_enabled=&#8221;off&#8221; button_two_border_width__hover_enabled=&#8221;off&#8221; button_border_color__hover_enabled=&#8221;off&#8221; button_one_border_color__hover_enabled=&#8221;off&#8221; button_two_border_color__hover_enabled=&#8221;off&#8221; button_border_radius__hover_enabled=&#8221;off&#8221; button_one_border_radius__hover_enabled=&#8221;off&#8221; button_two_border_radius__hover_enabled=&#8221;off&#8221; button_letter_spacing__hover_enabled=&#8221;off&#8221; button_one_letter_spacing__hover_enabled=&#8221;off&#8221; button_two_letter_spacing__hover_enabled=&#8221;off&#8221; button_bg_color__hover_enabled=&#8221;off&#8221; button_one_bg_color__hover_enabled=&#8221;off&#8221; button_two_bg_color__hover_enabled=&#8221;off&#8221;][\/et_pb_contact_field][et_pb_contact_field field_id=&#8221;correo&#8221; field_title=&#8221;Correo electr\u00f3nico&#8221; field_type=&#8221;email&#8221; _builder_version=&#8221;4.27.4&#8243; global_colors_info=&#8221;{}&#8221; button_text_size__hover_enabled=&#8221;off&#8221; button_one_text_size__hover_enabled=&#8221;off&#8221; button_two_text_size__hover_enabled=&#8221;off&#8221; button_text_color__hover_enabled=&#8221;off&#8221; button_one_text_color__hover_enabled=&#8221;off&#8221; button_two_text_color__hover_enabled=&#8221;off&#8221; button_border_width__hover_enabled=&#8221;off&#8221; button_one_border_width__hover_enabled=&#8221;off&#8221; button_two_border_width__hover_enabled=&#8221;off&#8221; button_border_color__hover_enabled=&#8221;off&#8221; button_one_border_color__hover_enabled=&#8221;off&#8221; button_two_border_color__hover_enabled=&#8221;off&#8221; button_border_radius__hover_enabled=&#8221;off&#8221; button_one_border_radius__hover_enabled=&#8221;off&#8221; button_two_border_radius__hover_enabled=&#8221;off&#8221; button_letter_spacing__hover_enabled=&#8221;off&#8221; button_one_letter_spacing__hover_enabled=&#8221;off&#8221; button_two_letter_spacing__hover_enabled=&#8221;off&#8221; button_bg_color__hover_enabled=&#8221;off&#8221; button_one_bg_color__hover_enabled=&#8221;off&#8221; button_two_bg_color__hover_enabled=&#8221;off&#8221;][\/et_pb_contact_field][et_pb_contact_field field_id=&#8221;mensaje&#8221; field_title=&#8221;Mensaje&#8221; field_type=&#8221;text&#8221; fullwidth_field=&#8221;on&#8221; _builder_version=&#8221;4.27.4&#8243; global_colors_info=&#8221;{}&#8221; button_text_size__hover_enabled=&#8221;off&#8221; button_one_text_size__hover_enabled=&#8221;off&#8221; button_two_text_size__hover_enabled=&#8221;off&#8221; button_text_color__hover_enabled=&#8221;off&#8221; button_one_text_color__hover_enabled=&#8221;off&#8221; button_two_text_color__hover_enabled=&#8221;off&#8221; button_border_width__hover_enabled=&#8221;off&#8221; button_one_border_width__hover_enabled=&#8221;off&#8221; button_two_border_width__hover_enabled=&#8221;off&#8221; button_border_color__hover_enabled=&#8221;off&#8221; button_one_border_color__hover_enabled=&#8221;off&#8221; button_two_border_color__hover_enabled=&#8221;off&#8221; button_border_radius__hover_enabled=&#8221;off&#8221; button_one_border_radius__hover_enabled=&#8221;off&#8221; button_two_border_radius__hover_enabled=&#8221;off&#8221; button_letter_spacing__hover_enabled=&#8221;off&#8221; button_one_letter_spacing__hover_enabled=&#8221;off&#8221; button_two_letter_spacing__hover_enabled=&#8221;off&#8221; button_bg_color__hover_enabled=&#8221;off&#8221; button_one_bg_color__hover_enabled=&#8221;off&#8221; button_two_bg_color__hover_enabled=&#8221;off&#8221;][\/et_pb_contact_field][\/et_pb_contact_form][\/et_pb_column][\/et_pb_row][et_pb_row admin_label=&#8221;Social Media Row&#8221; _builder_version=&#8221;4.27.4&#8243; use_background_color_gradient=&#8221;on&#8221; background_color_gradient_stops=&#8221;rgba(255,255,255,0) 0%|#f5efed 63%&#8221; background_color_gradient_start=&#8221;rgba(255,255,255,0)&#8221; background_color_gradient_end=&#8221;#ffffff&#8221; background_color_gradient_end_position=&#8221;74%&#8221; width=&#8221;100%&#8221; max_width=&#8221;100%&#8221; custom_margin=&#8221;30%|||&#8221; custom_margin_tablet=&#8221;&#8221; custom_margin_phone=&#8221;&#8221; custom_margin_last_edited=&#8221;on|desktop&#8221; custom_padding=&#8221;120px|0px|40px|0px&#8221; use_custom_width=&#8221;on&#8221; width_unit=&#8221;off&#8221; custom_width_percent=&#8221;100%&#8221; global_colors_info=&#8221;{}&#8221;][et_pb_column type=&#8221;4_4&#8243; _builder_version=&#8221;4.16&#8243; custom_padding=&#8221;|||&#8221; global_colors_info=&#8221;{}&#8221; custom_padding__hover=&#8221;|||&#8221;][et_pb_social_media_follow _builder_version=&#8221;4.27.4&#8243; text_orientation=&#8221;center&#8221; custom_margin=&#8221;|||&#8221; custom_padding=&#8221;|||&#8221; mix_blend_mode=&#8221;multiply&#8221; global_colors_info=&#8221;{}&#8221;][et_pb_social_media_follow_network social_network=&#8221;facebook&#8221; url=&#8221;#top&#8221; _builder_version=&#8221;4.16&#8243; background_color=&#8221;rgba(160,160,160,0.8)&#8221; custom_margin=&#8221;|2%||2%&#8221; custom_padding=&#8221;12px|12px|12px|12px&#8221; border_radii=&#8221;on|100px|100px|100px|100px&#8221; global_colors_info=&#8221;{}&#8221; follow_button=&#8221;off&#8221; url_new_window=&#8221;on&#8221;]facebook[\/et_pb_social_media_follow_network][et_pb_social_media_follow_network social_network=&#8221;instagram&#8221; url=&#8221;https:\/\/www.instagram.com\/xaneladaterraa\/&#8221; _builder_version=&#8221;4.27.4&#8243; background_color=&#8221;rgba(160,160,160,0.8)&#8221; custom_margin=&#8221;|2%||2%&#8221; custom_padding=&#8221;12px|12px|12px|12px&#8221; border_radii=&#8221;on|100px|100px|100px|100px&#8221; global_colors_info=&#8221;{}&#8221; follow_button=&#8221;off&#8221; url_new_window=&#8221;on&#8221;]instagram[\/et_pb_social_media_follow_network][et_pb_social_media_follow_network social_network=&#8221;youtube&#8221; url=&#8221;#top&#8221; _builder_version=&#8221;4.16&#8243; background_color=&#8221;rgba(160,160,160,0.8)&#8221; custom_margin=&#8221;|2%||2%&#8221; custom_padding=&#8221;12px|12px|12px|12px&#8221; border_radii=&#8221;on|100px|100px|100px|100px&#8221; global_colors_info=&#8221;{}&#8221; follow_button=&#8221;off&#8221; url_new_window=&#8221;on&#8221;]youtube[\/et_pb_social_media_follow_network][\/et_pb_social_media_follow][\/et_pb_column][\/et_pb_row][\/et_pb_section]<\/p>","protected":false},"excerpt":{"rendered":"<p>Cont\u00e1ctanos \u00bfNecesitas ayuda? Puedes escribirnos, llamarnos o visitarnos en nuestra tienda. Estaremos encantados de atenderte.R\u00faa Faustino Rey Romero, 13 15920, Rianxo, A Coru\u00f1a+34 612 345 678tenda@xaneladaterra.esLunes a viernes: 9:30 \u2013 13:30 y 16:30 \u2013 20:30 S\u00e1bado: 9:30 \u2013 14:00 Domingo: CerradoM\u00e1ndanos un mensaje Rellena este formulario y cu\u00e9ntanos c\u00f3mo podemos ayudarte. En Xanela da Terra [&hellip;]<\/p>","protected":false},"author":1,"featured_media":0,"parent":0,"menu_order":0,"comment_status":"closed","ping_status":"closed","template":"","meta":{"_et_pb_use_builder":"on","_et_pb_old_content":"","_et_gb_content_width":"","footnotes":""},"class_list":["post-4059","page","type-page","status-publish","hentry"],"yoast_head":"<!-- This site is optimized with the Yoast SEO plugin v26.1.1 - https:\/\/yoast.com\/wordpress\/plugins\/seo\/ -->\n<title>Contacto - Xanela Da Terra<\/title>\n<meta name=\"robots\" content=\"index, follow, max-snippet:-1, max-image-preview:large, max-video-preview:-1\" \/>\n<link rel=\"canonical\" href=\"https:\/\/xaneladaterra.es\/es\/contacto\/\" \/>\n<meta property=\"og:locale\" content=\"es_ES\" \/>\n<meta property=\"og:type\" content=\"article\" \/>\n<meta property=\"og:title\" content=\"Contacto - Xanela Da Terra\" \/>\n<meta property=\"og:description\" content=\"Cont\u00e1ctanos \u00bfNecesitas ayuda? Puedes escribirnos, llamarnos o visitarnos en nuestra tienda. Estaremos encantados de atenderte.R\u00faa Faustino Rey Romero, 13 15920, Rianxo, A Coru\u00f1a+34 612 345 678tenda@xaneladaterra.esLunes a viernes: 9:30 \u2013 13:30 y 16:30 \u2013 20:30 S\u00e1bado: 9:30 \u2013 14:00 Domingo: CerradoM\u00e1ndanos un mensaje Rellena este formulario y cu\u00e9ntanos c\u00f3mo podemos ayudarte. En Xanela da Terra [&hellip;]\" \/>\n<meta property=\"og:url\" content=\"https:\/\/xaneladaterra.es\/es\/contacto\/\" \/>\n<meta property=\"og:site_name\" content=\"Xanela Da Terra\" \/>\n<meta property=\"article:modified_time\" content=\"2025-11-10T17:15:24+00:00\" \/>\n<meta name=\"twitter:card\" content=\"summary_large_image\" \/>\n<meta name=\"twitter:label1\" content=\"Tiempo de lectura\" \/>\n\t<meta name=\"twitter:data1\" content=\"9 minutos\" \/>\n<script type=\"application\/ld+json\" class=\"yoast-schema-graph\">{\"@context\":\"https:\/\/schema.org\",\"@graph\":[{\"@type\":\"WebPage\",\"@id\":\"https:\/\/xaneladaterra.es\/es\/contacto\/\",\"url\":\"https:\/\/xaneladaterra.es\/es\/contacto\/\",\"name\":\"Contacto - Xanela Da Terra\",\"isPartOf\":{\"@id\":\"https:\/\/xaneladaterra.es\/es\/#website\"},\"datePublished\":\"2025-09-30T09:53:55+00:00\",\"dateModified\":\"2025-11-10T17:15:24+00:00\",\"inLanguage\":\"es\",\"potentialAction\":[{\"@type\":\"ReadAction\",\"target\":[\"https:\/\/xaneladaterra.es\/es\/contacto\/\"]}]},{\"@type\":\"WebSite\",\"@id\":\"https:\/\/xaneladaterra.es\/es\/#website\",\"url\":\"https:\/\/xaneladaterra.es\/es\/\",\"name\":\"Xanela Da Terra\",\"description\":\"En nuestra tienda podr\u00e1s encontrar desde el pan del d\u00eda, fruta y verdura de temporada, vinos de la zona y alrededores y todo tipo de productos locales.\",\"publisher\":{\"@id\":\"https:\/\/xaneladaterra.es\/es\/#organization\"},\"potentialAction\":[{\"@type\":\"SearchAction\",\"target\":{\"@type\":\"EntryPoint\",\"urlTemplate\":\"https:\/\/xaneladaterra.es\/es\/?s={search_term_string}\"},\"query-input\":{\"@type\":\"PropertyValueSpecification\",\"valueRequired\":true,\"valueName\":\"search_term_string\"}}],\"inLanguage\":\"es\"},{\"@type\":\"Organization\",\"@id\":\"https:\/\/xaneladaterra.es\/es\/#organization\",\"name\":\"Xanela Da Terra\",\"url\":\"https:\/\/xaneladaterra.es\/es\/\",\"logo\":{\"@type\":\"ImageObject\",\"inLanguage\":\"es\",\"@id\":\"https:\/\/xaneladaterra.es\/es\/#\/schema\/logo\/image\/\",\"url\":\"https:\/\/xaneladaterra.es\/wp-content\/uploads\/2025\/09\/IMG-20240510-WA0039.jpg\",\"contentUrl\":\"https:\/\/xaneladaterra.es\/wp-content\/uploads\/2025\/09\/IMG-20240510-WA0039.jpg\",\"width\":246,\"height\":162,\"caption\":\"Xanela Da Terra\"},\"image\":{\"@id\":\"https:\/\/xaneladaterra.es\/es\/#\/schema\/logo\/image\/\"},\"sameAs\":[\"https:\/\/www.instagram.com\/xaneladaterraa\/\"]}]}<\/script>\n<!-- \/ Yoast SEO plugin. -->","yoast_head_json":{"title":"Contacto - Xanela Da Terra","robots":{"index":"index","follow":"follow","max-snippet":"max-snippet:-1","max-image-preview":"max-image-preview:large","max-video-preview":"max-video-preview:-1"},"canonical":"https:\/\/xaneladaterra.es\/es\/contacto\/","og_locale":"es_ES","og_type":"article","og_title":"Contacto - Xanela Da Terra","og_description":"Cont\u00e1ctanos \u00bfNecesitas ayuda? Puedes escribirnos, llamarnos o visitarnos en nuestra tienda. Estaremos encantados de atenderte.R\u00faa Faustino Rey Romero, 13 15920, Rianxo, A Coru\u00f1a+34 612 345 678tenda@xaneladaterra.esLunes a viernes: 9:30 \u2013 13:30 y 16:30 \u2013 20:30 S\u00e1bado: 9:30 \u2013 14:00 Domingo: CerradoM\u00e1ndanos un mensaje Rellena este formulario y cu\u00e9ntanos c\u00f3mo podemos ayudarte. En Xanela da Terra [&hellip;]","og_url":"https:\/\/xaneladaterra.es\/es\/contacto\/","og_site_name":"Xanela Da Terra","article_modified_time":"2025-11-10T17:15:24+00:00","twitter_card":"summary_large_image","twitter_misc":{"Tiempo de lectura":"9 minutos"},"schema":{"@context":"https:\/\/schema.org","@graph":[{"@type":"WebPage","@id":"https:\/\/xaneladaterra.es\/es\/contacto\/","url":"https:\/\/xaneladaterra.es\/es\/contacto\/","name":"Contacto - Xanela Da Terra","isPartOf":{"@id":"https:\/\/xaneladaterra.es\/es\/#website"},"datePublished":"2025-09-30T09:53:55+00:00","dateModified":"2025-11-10T17:15:24+00:00","inLanguage":"es","potentialAction":[{"@type":"ReadAction","target":["https:\/\/xaneladaterra.es\/es\/contacto\/"]}]},{"@type":"WebSite","@id":"https:\/\/xaneladaterra.es\/es\/#website","url":"https:\/\/xaneladaterra.es\/es\/","name":"Xanela Da Terra","description":"En nuestra tienda podr\u00e1s encontrar desde el pan del d\u00eda, fruta y verdura de temporada, vinos de la zona y alrededores y todo tipo de productos locales.","publisher":{"@id":"https:\/\/xaneladaterra.es\/es\/#organization"},"potentialAction":[{"@type":"SearchAction","target":{"@type":"EntryPoint","urlTemplate":"https:\/\/xaneladaterra.es\/es\/?s={search_term_string}"},"query-input":{"@type":"PropertyValueSpecification","valueRequired":true,"valueName":"search_term_string"}}],"inLanguage":"es"},{"@type":"Organization","@id":"https:\/\/xaneladaterra.es\/es\/#organization","name":"Xanela Da Terra","url":"https:\/\/xaneladaterra.es\/es\/","logo":{"@type":"ImageObject","inLanguage":"es","@id":"https:\/\/xaneladaterra.es\/es\/#\/schema\/logo\/image\/","url":"https:\/\/xaneladaterra.es\/wp-content\/uploads\/2025\/09\/IMG-20240510-WA0039.jpg","contentUrl":"https:\/\/xaneladaterra.es\/wp-content\/uploads\/2025\/09\/IMG-20240510-WA0039.jpg","width":246,"height":162,"caption":"Xanela Da Terra"},"image":{"@id":"https:\/\/xaneladaterra.es\/es\/#\/schema\/logo\/image\/"},"sameAs":["https:\/\/www.instagram.com\/xaneladaterraa\/"]}]}},"_links":{"self":[{"href":"https:\/\/xaneladaterra.es\/es\/wp-json\/wp\/v2\/pages\/4059","targetHints":{"allow":["GET"]}}],"collection":[{"href":"https:\/\/xaneladaterra.es\/es\/wp-json\/wp\/v2\/pages"}],"about":[{"href":"https:\/\/xaneladaterra.es\/es\/wp-json\/wp\/v2\/types\/page"}],"author":[{"embeddable":true,"href":"https:\/\/xaneladaterra.es\/es\/wp-json\/wp\/v2\/users\/1"}],"replies":[{"embeddable":true,"href":"https:\/\/xaneladaterra.es\/es\/wp-json\/wp\/v2\/comments?post=4059"}],"version-history":[{"count":20,"href":"https:\/\/xaneladaterra.es\/es\/wp-json\/wp\/v2\/pages\/4059\/revisions"}],"predecessor-version":[{"id":5946,"href":"https:\/\/xaneladaterra.es\/es\/wp-json\/wp\/v2\/pages\/4059\/revisions\/5946"}],"wp:attachment":[{"href":"https:\/\/xaneladaterra.es\/es\/wp-json\/wp\/v2\/media?parent=4059"}],"curies":[{"name":"wp","href":"https:\/\/api.w.org\/{rel}","templated":true}]}}