{"id":145,"date":"2025-05-07T14:22:04","date_gmt":"2025-05-07T12:22:04","guid":{"rendered":"https:\/\/xaneladaterra.es\/\/?page_id=145"},"modified":"2025-10-01T17:28:20","modified_gmt":"2025-10-01T15:28:20","slug":"sobre-xanela-old","status":"publish","type":"page","link":"https:\/\/xaneladaterra.es\/es\/sobre-xanela-old\/","title":{"rendered":"Sobre Xanela antiguo"},"content":{"rendered":"<p>[et_pb_section fb_built=&#8221;1&#8243; admin_label=&#8221;Header&#8221; _builder_version=&#8221;4.22.0&#8243; _module_preset=&#8221;default&#8221; background_color=&#8221;gcid-86e0e939-2c75-4117-936f-1ddaf39f4182&#8243; background_image=&#8221;https:\/\/xaneladaterra.es\/\/wp-content\/uploads\/2025\/05\/Food-coop-6.png&#8221; background_size=&#8221;initial&#8221; background_position=&#8221;bottom_center&#8221; overflow-x=&#8221;hidden&#8221; overflow-y=&#8221;hidden&#8221; locked=&#8221;off&#8221; collapsed=&#8221;on&#8221; global_colors_info=&#8221;{%22gcid-86e0e939-2c75-4117-936f-1ddaf39f4182%22:%91%22background_color%22%93}&#8221;][et_pb_row _builder_version=&#8221;4.22.0&#8243; _module_preset=&#8221;default&#8221; max_width=&#8221;720px&#8221; global_colors_info=&#8221;{}&#8221;][et_pb_column type=&#8221;4_4&#8243; _builder_version=&#8221;4.22.0&#8243; _module_preset=&#8221;default&#8221; global_colors_info=&#8221;{}&#8221;][et_pb_text _builder_version=&#8221;4.27.4&#8243; _module_preset=&#8221;ee3f36f8-3f3c-4a43-a676-a83babac9248&#8243; header_4_text_color=&#8221;gcid-9e45d964-2d43-42f1-8052-a1700ad1fc8d&#8221; text_orientation=&#8221;center&#8221; global_colors_info=&#8221;{%22gcid-9e45d964-2d43-42f1-8052-a1700ad1fc8d%22:%91%22header_4_text_color%22%93}&#8221;]<\/p>\n<h4><span style=\"color: #6f4e37;\">Acerca de Xanela&#8230;<\/span><\/h4>\n<p>[\/et_pb_text][et_pb_text _builder_version=&#8221;4.27.4&#8243; _module_preset=&#8221;c089e8eb-634f-4cad-9972-7a1098a65087&#8243; header_text_color=&#8221;#6f4e37&#8243; text_orientation=&#8221;center&#8221; global_colors_info=&#8221;{}&#8221;]<\/p>\n<h1>Nuestra esencia, desde Galicia<\/h1>\n<p>[\/et_pb_text][et_pb_text _builder_version=&#8221;4.27.4&#8243; _module_preset=&#8221;61d8d74f-f83e-4779-966f-eb5b182adbf2&#8243; text_orientation=&#8221;center&#8221; global_colors_info=&#8221;{}&#8221;]<\/p>\n<p>Trabajamos con pasi\u00f3n para ofrecer productos frescos, de proximidad y con historia. Cada fruta, cada verdura, cada sabor refleja el compromiso con nuestra tierra y con una alimentaci\u00f3n honesta y de calidad.<\/p>\n<p>[\/et_pb_text][\/et_pb_column][\/et_pb_row][\/et_pb_section][et_pb_section fb_built=&#8221;1&#8243; admin_label=&#8221;Our Story&#8221; _builder_version=&#8221;4.22.0&#8243; _module_preset=&#8221;default&#8221; background_color=&#8221;gcid-86e0e939-2c75-4117-936f-1ddaf39f4182&#8243; collapsed=&#8221;on&#8221; global_colors_info=&#8221;{%22gcid-86e0e939-2c75-4117-936f-1ddaf39f4182%22:%91%22background_color%22%93}&#8221;][et_pb_row _builder_version=&#8221;4.22.0&#8243; _module_preset=&#8221;default&#8221; global_colors_info=&#8221;{}&#8221;][et_pb_column type=&#8221;4_4&#8243; _builder_version=&#8221;4.22.0&#8243; _module_preset=&#8221;default&#8221; global_colors_info=&#8221;{}&#8221;][et_pb_image src=&#8221;https:\/\/xaneladaterra.es\/wp-content\/uploads\/2025\/07\/IMG_20250710_110342-scaled.jpg&#8221; title_text=&#8221;IMG_20250710_110342&#8243; _builder_version=&#8221;4.27.4&#8243; _module_preset=&#8221;default&#8221; global_colors_info=&#8221;{}&#8221;][\/et_pb_image][\/et_pb_column][\/et_pb_row][et_pb_row _builder_version=&#8221;4.22.0&#8243; _module_preset=&#8221;default&#8221; custom_padding=&#8221;||0px||false|false&#8221; global_colors_info=&#8221;{}&#8221;][et_pb_column type=&#8221;4_4&#8243; _builder_version=&#8221;4.22.0&#8243; _module_preset=&#8221;default&#8221; global_colors_info=&#8221;{}&#8221;][et_pb_text _builder_version=&#8221;4.27.4&#8243; _module_preset=&#8221;ee3f36f8-3f3c-4a43-a676-a83babac9248&#8243; header_4_text_color=&#8221;gcid-556b209f-6a9f-4b68-83bd-4b7a79f93ac2&#8243; global_colors_info=&#8221;{%22gcid-556b209f-6a9f-4b68-83bd-4b7a79f93ac2%22:%91%22header_4_text_color%22%93}&#8221;]<\/p>\n<h4><span style=\"color: #6f4e37;\">prop\u00f3sito<\/span><\/h4>\n<p>[\/et_pb_text][\/et_pb_column][\/et_pb_row][et_pb_row column_structure=&#8221;1_2,1_2&#8243; _builder_version=&#8221;4.22.0&#8243; _module_preset=&#8221;default&#8221; global_colors_info=&#8221;{}&#8221;][et_pb_column type=&#8221;1_2&#8243; _builder_version=&#8221;4.22.0&#8243; _module_preset=&#8221;default&#8221; global_colors_info=&#8221;{}&#8221;][et_pb_text _builder_version=&#8221;4.27.4&#8243; _module_preset=&#8221;44dca274-512f-4c75-a02f-af4db4d14b3f&#8221; header_text_color=&#8221;#6f4e37&#8243; global_colors_info=&#8221;{}&#8221;]<\/p>\n<h2>Compromiso con la tierra&#8230;<\/h2>\n<p>[\/et_pb_text][\/et_pb_column][et_pb_column type=&#8221;1_2&#8243; _builder_version=&#8221;4.22.0&#8243; _module_preset=&#8221;default&#8221; global_colors_info=&#8221;{}&#8221;][et_pb_text _builder_version=&#8221;4.27.4&#8243; _module_preset=&#8221;84b49a12-f627-4659-ba18-cda0c2db0be1&#8243; global_colors_info=&#8221;{}&#8221;]<\/p>\n<p data-start=\"104\" data-end=\"344\" class=\"\" style=\"text-align: justify;\">Creemos en una forma de consumo responsable, que respeta los ritmos de la naturaleza y apoya a los peque\u00f1os productores locales. Nuestro compromiso es ofrecer productos frescos, sostenibles y con ra\u00edces, cuidando la tierra que nos da tanto.<\/p>\n<p>[\/et_pb_text][\/et_pb_column][\/et_pb_row][\/et_pb_section][et_pb_section fb_built=&#8221;1&#8243; admin_label=&#8221;About&#8221; _builder_version=&#8221;4.22.0&#8243; _module_preset=&#8221;default&#8221; background_color=&#8221;gcid-86e0e939-2c75-4117-936f-1ddaf39f4182&#8243; overflow-x=&#8221;hidden&#8221; overflow-y=&#8221;hidden&#8221; custom_padding=&#8221;100px||100px||true|false&#8221; collapsed=&#8221;on&#8221; global_colors_info=&#8221;{%22gcid-86e0e939-2c75-4117-936f-1ddaf39f4182%22:%91%22background_color%22%93}&#8221;][et_pb_row column_structure=&#8221;1_3,1_3,1_3&#8243; _builder_version=&#8221;4.22.0&#8243; _module_preset=&#8221;default&#8221; global_colors_info=&#8221;{}&#8221;][et_pb_column type=&#8221;1_3&#8243; _builder_version=&#8221;4.22.0&#8243; _module_preset=&#8221;default&#8221; global_colors_info=&#8221;{}&#8221;][et_pb_image src=&#8221;https:\/\/xaneladaterra.es\/\/wp-content\/uploads\/2025\/05\/food-co-op-illustration-13@2x.png&#8221; title_text=&#8221;food-co-op-illustration-13@2x&#8221; _builder_version=&#8221;4.22.0&#8243; _module_preset=&#8221;default&#8221; transform_translate=&#8221;-40%|-20%&#8221; transform_translate_linked=&#8221;off&#8221; positioning=&#8221;absolute&#8221; width=&#8221;100%&#8221; global_colors_info=&#8221;{}&#8221;][\/et_pb_image][et_pb_image src=&#8221;https:\/\/xaneladaterra.es\/wp-content\/uploads\/2025\/07\/P1010160-scaled.jpg&#8221; title_text=&#8221;OLYMPUS DIGITAL CAMERA&#8221; _builder_version=&#8221;4.27.4&#8243; _module_preset=&#8221;default&#8221; transform_rotate=&#8221;0deg|0deg|-4deg&#8221; global_colors_info=&#8221;{}&#8221;][\/et_pb_image][\/et_pb_column][et_pb_column type=&#8221;1_3&#8243; _builder_version=&#8221;4.22.0&#8243; _module_preset=&#8221;default&#8221; custom_padding=&#8221;60px||60px||true|false&#8221; global_colors_info=&#8221;{}&#8221;][et_pb_image src=&#8221;https:\/\/xaneladaterra.es\/\/wp-content\/uploads\/2025\/05\/Food_Co-op_Icon-8-1.png&#8221; title_text=&#8221;Food_Co-op_Icon 8&#8243; align=&#8221;center&#8221; _builder_version=&#8221;4.27.4&#8243; _module_preset=&#8221;default&#8221; global_colors_info=&#8221;{}&#8221;][\/et_pb_image][et_pb_text _builder_version=&#8221;4.27.4&#8243; _module_preset=&#8221;ee3f36f8-3f3c-4a43-a676-a83babac9248&#8243; header_4_text_color=&#8221;gcid-9e45d964-2d43-42f1-8052-a1700ad1fc8d&#8221; text_orientation=&#8221;center&#8221; global_colors_info=&#8221;{%22gcid-9e45d964-2d43-42f1-8052-a1700ad1fc8d%22:%91%22header_4_text_color%22%93}&#8221;]<\/p>\n<h4><span style=\"color: #6f4e37;\">El coraz\u00f3n de Xanela<\/span><\/h4>\n<p>[\/et_pb_text][et_pb_text _builder_version=&#8221;4.27.4&#8243; _module_preset=&#8221;8d629d5a-cc85-40a3-ad79-56a0d5d67874&#8243; text_orientation=&#8221;center&#8221; global_colors_info=&#8221;{}&#8221;]<\/p>\n<hr data-start=\"148\" data-end=\"151\" class=\"\" \/>\n<p data-start=\"153\" data-end=\"375\" class=\"\">Aqu\u00ed es donde todo cobra sentido: el origen, la pasi\u00f3n por lo bien hecho y el cuidado en cada detalle. En Xanela, trabajamos con el coraz\u00f3n para llevarte lo mejor de nuestra tierra, como si lo eligieras t\u00fa mismo, cada d\u00eda.<\/p>\n<p>[\/et_pb_text][\/et_pb_column][et_pb_column type=&#8221;1_3&#8243; _builder_version=&#8221;4.22.0&#8243; _module_preset=&#8221;default&#8221; global_colors_info=&#8221;{}&#8221;][et_pb_image src=&#8221;https:\/\/xaneladaterra.es\/\/wp-content\/uploads\/2025\/05\/food-co-op-illustration-14@2x.png&#8221; title_text=&#8221;food-co-op-illustration-14@2x&#8221; _builder_version=&#8221;4.22.0&#8243; _module_preset=&#8221;default&#8221; transform_translate=&#8221;40%|28%&#8221; transform_translate_linked=&#8221;off&#8221; positioning=&#8221;absolute&#8221; position_origin_a=&#8221;bottom_right&#8221; width=&#8221;100%&#8221; locked=&#8221;off&#8221; global_colors_info=&#8221;{}&#8221;][\/et_pb_image][et_pb_image src=&#8221;https:\/\/xaneladaterra.es\/wp-content\/uploads\/2025\/07\/P1010159-scaled.jpg&#8221; title_text=&#8221;OLYMPUS DIGITAL CAMERA&#8221; _builder_version=&#8221;4.27.4&#8243; _module_preset=&#8221;default&#8221; transform_rotate=&#8221;0deg|0deg|4deg&#8221; locked=&#8221;off&#8221; global_colors_info=&#8221;{}&#8221;][\/et_pb_image][\/et_pb_column][\/et_pb_row][\/et_pb_section][et_pb_section fb_built=&#8221;1&#8243; admin_label=&#8221;Features&#8221; _builder_version=&#8221;4.22.0&#8243; _module_preset=&#8221;default&#8221; background_color=&#8221;gcid-86e0e939-2c75-4117-936f-1ddaf39f4182&#8243; collapsed=&#8221;on&#8221; global_colors_info=&#8221;{%22gcid-86e0e939-2c75-4117-936f-1ddaf39f4182%22:%91%22background_color%22%93}&#8221;][et_pb_row column_structure=&#8221;1_2,1_2&#8243; _builder_version=&#8221;4.22.0&#8243; _module_preset=&#8221;default&#8221; global_colors_info=&#8221;{}&#8221;][et_pb_column type=&#8221;1_2&#8243; _builder_version=&#8221;4.22.0&#8243; _module_preset=&#8221;default&#8221; global_colors_info=&#8221;{}&#8221;][et_pb_text _builder_version=&#8221;4.27.4&#8243; _module_preset=&#8221;ee3f36f8-3f3c-4a43-a676-a83babac9248&#8243; header_4_text_color=&#8221;gcid-9e45d964-2d43-42f1-8052-a1700ad1fc8d&#8221; text_orientation=&#8221;right&#8221; text_orientation_tablet=&#8221;left&#8221; text_orientation_phone=&#8221;left&#8221; text_orientation_last_edited=&#8221;on|tablet&#8221; global_colors_info=&#8221;{%22gcid-9e45d964-2d43-42f1-8052-a1700ad1fc8d%22:%91%22header_4_text_color%22%93}&#8221;]<\/p>\n<h4><span style=\"color: #6f4e37;\">El porqu\u00e9<\/span><\/h4>\n<p>[\/et_pb_text][et_pb_text _builder_version=&#8221;4.27.4&#8243; _module_preset=&#8221;44dca274-512f-4c75-a02f-af4db4d14b3f&#8221; header_text_color=&#8221;#6f4e37&#8243; text_orientation=&#8221;right&#8221; custom_margin=&#8221;||10px||false|false&#8221; text_orientation_tablet=&#8221;left&#8221; text_orientation_phone=&#8221;left&#8221; text_orientation_last_edited=&#8221;on|tablet&#8221; global_colors_info=&#8221;{}&#8221;]<\/p>\n<h2>Pru\u00e9balo<\/h2>\n<p>[\/et_pb_text][et_pb_text _builder_version=&#8221;4.27.4&#8243; _module_preset=&#8221;84b49a12-f627-4659-ba18-cda0c2db0be1&#8243; text_orientation=&#8221;right&#8221; text_orientation_tablet=&#8221;left&#8221; text_orientation_phone=&#8221;left&#8221; text_orientation_last_edited=&#8221;on|tablet&#8221; global_colors_info=&#8221;{}&#8221;]<\/p>\n<p style=\"text-align: justify;\">Descubre el sabor y la esencia de Galicia a trav\u00e9s de nuestros productos naturales y org\u00e1nicos, cultivados con respeto a la tierra y pasi\u00f3n por la calidad. Cada art\u00edculo en nuestra tienda nace de productores locales comprometidos con la sostenibilidad y el saber hacer tradicional. Aqu\u00ed no hay artificios: solo lo mejor de la naturaleza, directo a tu mesa.<\/p>\n<p>[\/et_pb_text][et_pb_button button_url=&#8221;\/tienda&#8221; button_text=&#8221;Ir a la tienda&#8221; button_alignment=&#8221;right&#8221; button_alignment_tablet=&#8221;left&#8221; button_alignment_phone=&#8221;&#8221; button_alignment_last_edited=&#8221;on|tablet&#8221; module_class=&#8221;mi-boton-cafe&#8221; _builder_version=&#8221;4.27.4&#8243; _module_preset=&#8221;915f0825-899a-4539-b4cd-bd3b8f43511e&#8221; global_colors_info=&#8221;{}&#8221;][\/et_pb_button][\/et_pb_column][et_pb_column type=&#8221;1_2&#8243; _builder_version=&#8221;4.22.0&#8243; _module_preset=&#8221;default&#8221; global_colors_info=&#8221;{}&#8221;][et_pb_image src=&#8221;https:\/\/xaneladaterra.es\/\/wp-content\/uploads\/2025\/05\/Food_Co-op_Icon-7.png&#8221; title_text=&#8221;Food_Co-op_Icon 7&#8243; _builder_version=&#8221;4.22.0&#8243; _module_preset=&#8221;default&#8221; max_width=&#8221;64px&#8221; max_height=&#8221;64px&#8221; custom_margin=&#8221;||20px||false|false&#8221; global_colors_info=&#8221;{}&#8221;][\/et_pb_image][et_pb_text _builder_version=&#8221;4.27.4&#8243; _module_preset=&#8221;d1fba17c-1279-40c3-a308-9a173620f34a&#8221; custom_margin=&#8221;||0px||false|false&#8221; global_colors_info=&#8221;{}&#8221;]<\/p>\n<h3>Compromiso con lo local<\/h3>\n<p>[\/et_pb_text][et_pb_text _builder_version=&#8221;4.27.4&#8243; _module_preset=&#8221;84b49a12-f627-4659-ba18-cda0c2db0be1&#8243; global_colors_info=&#8221;{}&#8221;]<\/p>\n<p>Productos seleccionados con criterio y respeto por la tierra.<\/p>\n<p>[\/et_pb_text][et_pb_image src=&#8221;https:\/\/xaneladaterra.es\/\/wp-content\/uploads\/2025\/05\/Food_Co-op_Icon-8.png&#8221; title_text=&#8221;Food_Co-op_Icon 8&#8243; _builder_version=&#8221;4.22.0&#8243; _module_preset=&#8221;default&#8221; max_width=&#8221;64px&#8221; max_height=&#8221;64px&#8221; custom_margin=&#8221;||20px||false|false&#8221; global_colors_info=&#8221;{}&#8221;][\/et_pb_image][et_pb_text _builder_version=&#8221;4.27.4&#8243; _module_preset=&#8221;d1fba17c-1279-40c3-a308-9a173620f34a&#8221; custom_margin=&#8221;||0px||false|false&#8221; global_colors_info=&#8221;{}&#8221;]<\/p>\n<h3>Abastecimiento \u00e9tico<\/h3>\n<p>[\/et_pb_text][et_pb_text _builder_version=&#8221;4.27.4&#8243; _module_preset=&#8221;84b49a12-f627-4659-ba18-cda0c2db0be1&#8243; global_colors_info=&#8221;{}&#8221;]<\/p>\n<p style=\"text-align: justify;\">Seleccionamos cada producto directamente de peque\u00f1os productores gallegos que cultivan con respeto, sin qu\u00edmicos ni atajos. Nuestro compromiso es claro: pr\u00e1cticas justas, proximidad y transparencia en cada etapa del camino.<\/p>\n<p>[\/et_pb_text][et_pb_image src=&#8221;https:\/\/xaneladaterra.es\/\/wp-content\/uploads\/2025\/05\/Food_Co-op_Icon-9.png&#8221; title_text=&#8221;Food_Co-op_Icon 9&#8243; _builder_version=&#8221;4.22.0&#8243; _module_preset=&#8221;default&#8221; max_width=&#8221;64px&#8221; max_height=&#8221;64px&#8221; custom_margin=&#8221;||20px||false|false&#8221; global_colors_info=&#8221;{}&#8221;][\/et_pb_image][et_pb_text _builder_version=&#8221;4.27.4&#8243; _module_preset=&#8221;d1fba17c-1279-40c3-a308-9a173620f34a&#8221; custom_margin=&#8221;||0px||false|false&#8221; global_colors_info=&#8221;{}&#8221;]<\/p>\n<h3>Ra\u00edces<\/h3>\n<p>[\/et_pb_text][et_pb_text _builder_version=&#8221;4.27.4&#8243; _module_preset=&#8221;84b49a12-f627-4659-ba18-cda0c2db0be1&#8243; global_colors_info=&#8221;{}&#8221;]<\/p>\n<p>Productos de origen gallego, de alt\u00edsima calidad con alto valor, directos a ti.<\/p>\n<p>[\/et_pb_text][\/et_pb_column][\/et_pb_row][\/et_pb_section]<\/p>","protected":false},"excerpt":{"rendered":"<p>Acerca de Xanela&#8230;Nuestra esencia, desde GaliciaTrabajamos con pasi\u00f3n para ofrecer productos frescos, de proximidad y con historia. Cada fruta, cada verdura, cada sabor refleja el compromiso con nuestra tierra y con una alimentaci\u00f3n honesta y de calidad.prop\u00f3sitoCompromiso con la tierra&#8230;Creemos en una forma de consumo responsable, que respeta los ritmos de la naturaleza y apoya [&hellip;]<\/p>","protected":false},"author":2,"featured_media":0,"parent":0,"menu_order":0,"comment_status":"closed","ping_status":"closed","template":"","meta":{"_et_pb_use_builder":"on","_et_pb_old_content":"","_et_gb_content_width":"","footnotes":""},"class_list":["post-145","page","type-page","status-publish","hentry"],"yoast_head":"<!-- This site is optimized with the Yoast SEO plugin v26.1.1 - https:\/\/yoast.com\/wordpress\/plugins\/seo\/ -->\n<title>Sobre Xanela antiguo - Xanela Da Terra<\/title>\n<meta name=\"robots\" content=\"index, follow, max-snippet:-1, max-image-preview:large, max-video-preview:-1\" \/>\n<link rel=\"canonical\" href=\"https:\/\/xaneladaterra.es\/es\/sobre-xanela-old\/\" \/>\n<meta property=\"og:locale\" content=\"es_ES\" \/>\n<meta property=\"og:type\" content=\"article\" \/>\n<meta property=\"og:title\" content=\"Sobre Xanela antiguo - Xanela Da Terra\" \/>\n<meta property=\"og:description\" content=\"Acerca de Xanela...Nuestra esencia, desde GaliciaTrabajamos con pasi\u00f3n para ofrecer productos frescos, de proximidad y con historia. Cada fruta, cada verdura, cada sabor refleja el compromiso con nuestra tierra y con una alimentaci\u00f3n honesta y de calidad.prop\u00f3sitoCompromiso con la tierra...Creemos en una forma de consumo responsable, que respeta los ritmos de la naturaleza y apoya [&hellip;]\" \/>\n<meta property=\"og:url\" content=\"https:\/\/xaneladaterra.es\/es\/sobre-xanela-old\/\" \/>\n<meta property=\"og:site_name\" content=\"Xanela Da Terra\" \/>\n<meta property=\"article:modified_time\" content=\"2025-10-01T15:28:20+00:00\" \/>\n<meta name=\"twitter:card\" content=\"summary_large_image\" \/>\n<meta name=\"twitter:label1\" content=\"Tiempo de lectura\" \/>\n\t<meta name=\"twitter:data1\" content=\"3 minutos\" \/>\n<script type=\"application\/ld+json\" class=\"yoast-schema-graph\">{\"@context\":\"https:\/\/schema.org\",\"@graph\":[{\"@type\":\"WebPage\",\"@id\":\"https:\/\/xaneladaterra.es\/es\/sobre-xanela-old\/\",\"url\":\"https:\/\/xaneladaterra.es\/es\/sobre-xanela-old\/\",\"name\":\"Sobre Xanela antiguo - Xanela Da Terra\",\"isPartOf\":{\"@id\":\"https:\/\/xaneladaterra.es\/es\/#website\"},\"datePublished\":\"2025-05-07T12:22:04+00:00\",\"dateModified\":\"2025-10-01T15:28:20+00:00\",\"inLanguage\":\"es\",\"potentialAction\":[{\"@type\":\"ReadAction\",\"target\":[\"https:\/\/xaneladaterra.es\/es\/sobre-xanela-old\/\"]}]},{\"@type\":\"WebSite\",\"@id\":\"https:\/\/xaneladaterra.es\/es\/#website\",\"url\":\"https:\/\/xaneladaterra.es\/es\/\",\"name\":\"Xanela Da Terra\",\"description\":\"En nuestra tienda podr\u00e1s encontrar desde el pan del d\u00eda, fruta y verdura de temporada, vinos de la zona y alrededores y todo tipo de productos locales.\",\"publisher\":{\"@id\":\"https:\/\/xaneladaterra.es\/es\/#organization\"},\"potentialAction\":[{\"@type\":\"SearchAction\",\"target\":{\"@type\":\"EntryPoint\",\"urlTemplate\":\"https:\/\/xaneladaterra.es\/es\/?s={search_term_string}\"},\"query-input\":{\"@type\":\"PropertyValueSpecification\",\"valueRequired\":true,\"valueName\":\"search_term_string\"}}],\"inLanguage\":\"es\"},{\"@type\":\"Organization\",\"@id\":\"https:\/\/xaneladaterra.es\/es\/#organization\",\"name\":\"Xanela Da Terra\",\"url\":\"https:\/\/xaneladaterra.es\/es\/\",\"logo\":{\"@type\":\"ImageObject\",\"inLanguage\":\"es\",\"@id\":\"https:\/\/xaneladaterra.es\/es\/#\/schema\/logo\/image\/\",\"url\":\"https:\/\/xaneladaterra.es\/wp-content\/uploads\/2025\/09\/IMG-20240510-WA0039.jpg\",\"contentUrl\":\"https:\/\/xaneladaterra.es\/wp-content\/uploads\/2025\/09\/IMG-20240510-WA0039.jpg\",\"width\":246,\"height\":162,\"caption\":\"Xanela Da Terra\"},\"image\":{\"@id\":\"https:\/\/xaneladaterra.es\/es\/#\/schema\/logo\/image\/\"},\"sameAs\":[\"https:\/\/www.instagram.com\/xaneladaterraa\/\"]}]}<\/script>\n<!-- \/ Yoast SEO plugin. -->","yoast_head_json":{"title":"Sobre Xanela antiguo - Xanela Da Terra","robots":{"index":"index","follow":"follow","max-snippet":"max-snippet:-1","max-image-preview":"max-image-preview:large","max-video-preview":"max-video-preview:-1"},"canonical":"https:\/\/xaneladaterra.es\/es\/sobre-xanela-old\/","og_locale":"es_ES","og_type":"article","og_title":"Sobre Xanela antiguo - Xanela Da Terra","og_description":"Acerca de Xanela...Nuestra esencia, desde GaliciaTrabajamos con pasi\u00f3n para ofrecer productos frescos, de proximidad y con historia. Cada fruta, cada verdura, cada sabor refleja el compromiso con nuestra tierra y con una alimentaci\u00f3n honesta y de calidad.prop\u00f3sitoCompromiso con la tierra...Creemos en una forma de consumo responsable, que respeta los ritmos de la naturaleza y apoya [&hellip;]","og_url":"https:\/\/xaneladaterra.es\/es\/sobre-xanela-old\/","og_site_name":"Xanela Da Terra","article_modified_time":"2025-10-01T15:28:20+00:00","twitter_card":"summary_large_image","twitter_misc":{"Tiempo de lectura":"3 minutos"},"schema":{"@context":"https:\/\/schema.org","@graph":[{"@type":"WebPage","@id":"https:\/\/xaneladaterra.es\/es\/sobre-xanela-old\/","url":"https:\/\/xaneladaterra.es\/es\/sobre-xanela-old\/","name":"Sobre Xanela antiguo - Xanela Da Terra","isPartOf":{"@id":"https:\/\/xaneladaterra.es\/es\/#website"},"datePublished":"2025-05-07T12:22:04+00:00","dateModified":"2025-10-01T15:28:20+00:00","inLanguage":"es","potentialAction":[{"@type":"ReadAction","target":["https:\/\/xaneladaterra.es\/es\/sobre-xanela-old\/"]}]},{"@type":"WebSite","@id":"https:\/\/xaneladaterra.es\/es\/#website","url":"https:\/\/xaneladaterra.es\/es\/","name":"Xanela Da Terra","description":"En nuestra tienda podr\u00e1s encontrar desde el pan del d\u00eda, fruta y verdura de temporada, vinos de la zona y alrededores y todo tipo de productos locales.","publisher":{"@id":"https:\/\/xaneladaterra.es\/es\/#organization"},"potentialAction":[{"@type":"SearchAction","target":{"@type":"EntryPoint","urlTemplate":"https:\/\/xaneladaterra.es\/es\/?s={search_term_string}"},"query-input":{"@type":"PropertyValueSpecification","valueRequired":true,"valueName":"search_term_string"}}],"inLanguage":"es"},{"@type":"Organization","@id":"https:\/\/xaneladaterra.es\/es\/#organization","name":"Xanela Da Terra","url":"https:\/\/xaneladaterra.es\/es\/","logo":{"@type":"ImageObject","inLanguage":"es","@id":"https:\/\/xaneladaterra.es\/es\/#\/schema\/logo\/image\/","url":"https:\/\/xaneladaterra.es\/wp-content\/uploads\/2025\/09\/IMG-20240510-WA0039.jpg","contentUrl":"https:\/\/xaneladaterra.es\/wp-content\/uploads\/2025\/09\/IMG-20240510-WA0039.jpg","width":246,"height":162,"caption":"Xanela Da Terra"},"image":{"@id":"https:\/\/xaneladaterra.es\/es\/#\/schema\/logo\/image\/"},"sameAs":["https:\/\/www.instagram.com\/xaneladaterraa\/"]}]}},"_links":{"self":[{"href":"https:\/\/xaneladaterra.es\/es\/wp-json\/wp\/v2\/pages\/145","targetHints":{"allow":["GET"]}}],"collection":[{"href":"https:\/\/xaneladaterra.es\/es\/wp-json\/wp\/v2\/pages"}],"about":[{"href":"https:\/\/xaneladaterra.es\/es\/wp-json\/wp\/v2\/types\/page"}],"author":[{"embeddable":true,"href":"https:\/\/xaneladaterra.es\/es\/wp-json\/wp\/v2\/users\/2"}],"replies":[{"embeddable":true,"href":"https:\/\/xaneladaterra.es\/es\/wp-json\/wp\/v2\/comments?post=145"}],"version-history":[{"count":16,"href":"https:\/\/xaneladaterra.es\/es\/wp-json\/wp\/v2\/pages\/145\/revisions"}],"predecessor-version":[{"id":4507,"href":"https:\/\/xaneladaterra.es\/es\/wp-json\/wp\/v2\/pages\/145\/revisions\/4507"}],"wp:attachment":[{"href":"https:\/\/xaneladaterra.es\/es\/wp-json\/wp\/v2\/media?parent=145"}],"curies":[{"name":"wp","href":"https:\/\/api.w.org\/{rel}","templated":true}]}}